{"id":738,"date":"2025-04-24T09:02:52","date_gmt":"2025-04-24T07:02:52","guid":{"rendered":"https:\/\/julius-steiner.at\/produkt\/rose-ried-muehlsatz\/"},"modified":"2026-04-02T13:16:37","modified_gmt":"2026-04-02T11:16:37","slug":"rose-ried-muehlsatz","status":"publish","type":"product","link":"https:\/\/julius-steiner.at\/en\/produkt\/rose-ried-muehlsatz\/","title":{"rendered":"Ros\u00e9 Ried M\u00fchlsatz"},"content":{"rendered":"<p>The ros\u00e9 &#8211; a typical Burgenland wine &#8211; with the color of onion skins, lively with a distinctive fruity-fresh note and inviting drinkability. Its inner structure has all the characteristics of a fine red wine, as it comes from Blaufr\u00e4nkisch and Zweigelt grapes. <\/p>\n<p>Ideal with fresh leaf salads, tomatoes with mozzarella. A perfect summer wine! <\/p>\n","protected":false},"excerpt":{"rendered":"<p>The ros\u00e9 &#8211; a typical Burgenland wine &#8211; with the color of onion skins, lively with a distinctive fruity-fresh note and inviting drinkability. Its inner structure has all the characteristics of a fine red wine, as it comes from Blaufr\u00e4nkisch and Zweigelt grapes. Ideal with fresh leaf salads, tomatoes with mozzarella. A perfect summer wine!<\/p>\n","protected":false},"featured_media":636,"template":"","meta":{"_acf_changed":false},"product_brand":[],"product_cat":[108],"product_tag":[],"class_list":{"0":"post-738","1":"product","2":"type-product","3":"status-publish","4":"has-post-thumbnail","6":"product_cat-white-wine","7":"pa_alkohol-125-vol","8":"pa_inhalt-075-l","9":"pa_jahrgang-193","10":"pa_qualitaetsstufe-quality-wine","11":"pa_rebsorten-blaufraenkisch-en","12":"pa_restzucker-1-2-g-l","13":"pa_saeure-5-9-g-l","16":"first","17":"instock","18":"taxable","19":"shipping-taxable","20":"purchasable","21":"product-type-simple"},"acf":[],"_links":{"self":[{"href":"https:\/\/julius-steiner.at\/en\/wp-json\/wp\/v2\/product\/738","targetHints":{"allow":["GET"]}}],"collection":[{"href":"https:\/\/julius-steiner.at\/en\/wp-json\/wp\/v2\/product"}],"about":[{"href":"https:\/\/julius-steiner.at\/en\/wp-json\/wp\/v2\/types\/product"}],"wp:featuredmedia":[{"embeddable":true,"href":"https:\/\/julius-steiner.at\/en\/wp-json\/wp\/v2\/media\/636"}],"wp:attachment":[{"href":"https:\/\/julius-steiner.at\/en\/wp-json\/wp\/v2\/media?parent=738"}],"wp:term":[{"taxonomy":"product_brand","embeddable":true,"href":"https:\/\/julius-steiner.at\/en\/wp-json\/wp\/v2\/product_brand?post=738"},{"taxonomy":"product_cat","embeddable":true,"href":"https:\/\/julius-steiner.at\/en\/wp-json\/wp\/v2\/product_cat?post=738"},{"taxonomy":"product_tag","embeddable":true,"href":"https:\/\/julius-steiner.at\/en\/wp-json\/wp\/v2\/product_tag?post=738"}],"curies":[{"name":"wp","href":"https:\/\/api.w.org\/{rel}","templated":true}]}}